{"id":80,"date":"2020-10-06T16:41:19","date_gmt":"2020-10-06T16:41:19","guid":{"rendered":"http:\/\/helene-ar.net\/?page_id=80"},"modified":"2024-02-27T10:12:00","modified_gmt":"2024-02-27T10:12:00","slug":"links","status":"publish","type":"page","link":"https:\/\/helene-ar.net\/index.php\/links\/","title":{"rendered":"Links"},"content":{"rendered":"\n<p><a rel=\"noreferrer noopener\" href=\"http:\/\/www.trio-trello.ch\" data-type=\"URL\" data-id=\"www.trio-trello.ch\" target=\"_blank\">www.trio-trello.ch<\/a><br>Meine Lieblings-Musikgruppe &#8211; nicht nur, weil ihre Mitglieder mir pers\u00f6nlich sehr nahe stehen: Esther Arnet (Akkordeon), Guido Arnet (Violine), Silvan Fischbacher (Klarinette). Sie begleiten mich bei vielen Veranstaltungen.<\/p>\n\n\n\n<p><a href=\"https:\/\/www.tagesanzeiger.ch\/\" data-type=\"URL\" data-id=\"https:\/\/www.tagesanzeiger.ch\/\">www.tages-anzeiger.ch<\/a><br>Meine Lieblings-Zeitung &#8211; nicht nur, weil ich f\u00fcr sie arbeite.<\/p>\n\n\n\n<p><a href=\"https:\/\/gleis21.ch\/\" data-type=\"URL\" data-id=\"https:\/\/gleis21.ch\/\">Gleis 21<\/a><br>Einer meiner Lieblingsorte in Dietikon &#8211; Kultur und Begegnung und Bistro.<\/p>\n\n\n\n<p><a href=\"https:\/\/kulturdietikon.ch\/\" data-type=\"URL\" data-id=\"https:\/\/kulturdietikon.ch\/\">Kultur Vielfalt Dietikon<\/a><br>Geschichten aus Dietikon. Ganz nahe bei den Menschen.<\/p>\n\n\n\n<p><a href=\"http:\/\/stadtverein.ch\/\" data-type=\"URL\" data-id=\"http:\/\/stadtverein.ch\/\">Stadtverein Dietikon<\/a><br>Die Geschichte von Dietikon.<\/p>\n\n\n\n<p>Wie vielf\u00e4ltig der Kanton Z\u00fcrich ist, zeigt das Format &#171;Postkarte&#187;, das ich zusammen mit der Fotografin Doris Fanconi<br>im Tages-Anzeiger in unregelm\u00e4ssigen Abst\u00e4nden mit neuen Bildern und Kurztexten f\u00fcttere. Bl\u00e4ttere Dich durch:<br><a href=\"https:\/\/www.tagesanzeiger.ch\/postkarten-aus-dem-kanton-zuerich-222562855659\">https:\/\/www.tagesanzeiger.ch\/herzliche-gruesse-aus-197213267486<\/a><\/p>\n\n\n\n<p>Doch manchmal tut es auch gut, ein bisschen \u00fcber den Kanton hinaus zu schauen. Zum Beispiel im <a href=\"https:\/\/www.parc-ela.ch\/de\/parc-ela-groesste-naturpark-schweiz\" data-type=\"URL\" data-id=\"https:\/\/www.parc-ela.ch\/de\/parc-ela-groesste-naturpark-schweiz\" target=\"_blank\" rel=\"noreferrer noopener\">Park Ela.<\/a><\/p>\n","protected":false},"excerpt":{"rendered":"<p>www.trio-trello.chMeine Lieblings-Musikgruppe &#8211; nicht nur, weil ihre Mitglieder mir pers\u00f6nlich sehr nahe stehen: Esther Arnet (Akkordeon), Guido Arnet (Violine), Silvan Fischbacher (Klarinette). Sie begleiten mich bei vielen Veranstaltungen. www.tages-anzeiger.chMeine Lieblings-Zeitung &#8211; nicht nur, weil ich f\u00fcr sie arbeite. Gleis 21Einer meiner Lieblingsorte in Dietikon &#8211; Kultur und Begegnung und Bistro. Kultur Vielfalt DietikonGeschichten aus Dietikon.&hellip;&nbsp;<a href=\"https:\/\/helene-ar.net\/index.php\/links\/\" rel=\"bookmark\">Weiterlesen &raquo;<span class=\"screen-reader-text\">Links<\/span><\/a><\/p>\n","protected":false},"author":4,"featured_media":0,"parent":0,"menu_order":0,"comment_status":"closed","ping_status":"closed","template":"","meta":{"neve_meta_sidebar":"full-width","neve_meta_container":"","neve_meta_enable_content_width":"on","neve_meta_content_width":100,"neve_meta_title_alignment":"","neve_meta_author_avatar":"","neve_post_elements_order":"","neve_meta_disable_header":"","neve_meta_disable_footer":"","neve_meta_disable_title":"","footnotes":""},"class_list":["post-80","page","type-page","status-publish","hentry"],"_links":{"self":[{"href":"https:\/\/helene-ar.net\/index.php\/wp-json\/wp\/v2\/pages\/80","targetHints":{"allow":["GET"]}}],"collection":[{"href":"https:\/\/helene-ar.net\/index.php\/wp-json\/wp\/v2\/pages"}],"about":[{"href":"https:\/\/helene-ar.net\/index.php\/wp-json\/wp\/v2\/types\/page"}],"author":[{"embeddable":true,"href":"https:\/\/helene-ar.net\/index.php\/wp-json\/wp\/v2\/users\/4"}],"replies":[{"embeddable":true,"href":"https:\/\/helene-ar.net\/index.php\/wp-json\/wp\/v2\/comments?post=80"}],"version-history":[{"count":13,"href":"https:\/\/helene-ar.net\/index.php\/wp-json\/wp\/v2\/pages\/80\/revisions"}],"predecessor-version":[{"id":551,"href":"https:\/\/helene-ar.net\/index.php\/wp-json\/wp\/v2\/pages\/80\/revisions\/551"}],"wp:attachment":[{"href":"https:\/\/helene-ar.net\/index.php\/wp-json\/wp\/v2\/media?parent=80"}],"curies":[{"name":"wp","href":"https:\/\/api.w.org\/{rel}","templated":true}]}}