{"id":76,"date":"2020-10-06T16:40:47","date_gmt":"2020-10-06T16:40:47","guid":{"rendered":"http:\/\/helene-ar.net\/?page_id=76"},"modified":"2026-03-10T14:35:59","modified_gmt":"2026-03-10T14:35:59","slug":"kommende-veranstaltungen","status":"publish","type":"page","link":"https:\/\/helene-ar.net\/","title":{"rendered":"Aktuell"},"content":{"rendered":"\n<div class=\"wp-block-group\"><div class=\"wp-block-group__inner-container is-layout-flow wp-block-group-is-layout-flow\">\n<div class=\"wp-block-columns is-layout-flex wp-container-core-columns-is-layout-9d6595d7 wp-block-columns-is-layout-flex\">\n<div class=\"wp-block-column is-layout-flow wp-block-column-is-layout-flow\" style=\"flex-basis:100%\">\n<div class=\"wp-block-group\"><div class=\"wp-block-group__inner-container is-layout-flow wp-block-group-is-layout-flow\">\n<div class=\"wp-block-columns is-layout-flex wp-container-core-columns-is-layout-9d6595d7 wp-block-columns-is-layout-flex\">\n<div class=\"wp-block-column is-layout-flow wp-block-column-is-layout-flow\">\n<figure class=\"wp-block-table alignleft\"><table class=\"has-fixed-layout\"><tbody><tr><td>Unser Podcast ist f\u00fcr die Suisse Podcast Awards 2026 nominiert.<br><strong>Jetzt abstimmen \ud83d\ude4c<\/strong><br><br>Das Publikumsvoting ist er\u00f6ffnet.<br>Die Teilnahme dauert nur wenige Klicks.<br>Folgenden Podcast ausw\u00e4hlen:<br>Dietikon Vielfalt Kultur | 28\u2019000 Geschichten aus Dietikon<br><\/td><\/tr><tr><td><a href=\"https:\/\/t45d16fe3.emailsys1a.net\/c\/230\/8982138\/781\/0\/1220780\/187\/179299\/df289698fe.html\" target=\"_blank\" rel=\"noreferrer noopener\">Jetzt f\u00fcr unseren Podcast abstimmen<\/a><\/td><\/tr><\/tbody><\/table><\/figure>\n\n\n\n<h2 class=\"wp-block-heading\"><strong>Demn\u00e4chst&#8230;<\/strong><\/h2>\n\n\n\n<h2 class=\"wp-block-heading\">Die Familie von Orelli<\/h2>\n\n\n\n<p>Die ersten Orelli kamen 1555 aus Locarno als Glaubensfl\u00fcchtlinge nach Z\u00fcrich. Denn sie bekannten sich zum reformierten Glauben. In Z\u00fcrich wurden sie allerdings lediglich als Bewohner zweiter Klasse akzeptiert. Wie manche von ihnen es zu Reichtum  &#8211; und schliesslich gar zum Adelspr\u00e4kat &#171;von&#187; &#8211; brachten, erz\u00e4hlen Denise Schmid und ich in diesem Buch. Es erscheint im Mai 2026 im Verlag Hier + Jetzt.<\/p>\n\n\n\n<p><strong>Vernissage am Donnerstag, 21. Mai, 18 Uhr<br>Zunfthaus zur Saffran, Limmatquai 54, 8001 Z\u00fcrich<br><\/strong><\/p>\n\n\n\n<h5 class=\"wp-block-heading\">Die Himmelsscheibe von Nebra &#8211;<br>Was f\u00fcr eine Geschichte! Und was f\u00fcr ein Krimi&#8230;<\/h5>\n\n\n\n<figure class=\"wp-block-image size-large is-resized\"><img loading=\"lazy\" decoding=\"async\" width=\"1024\" height=\"808\" src=\"https:\/\/helene-ar.net\/wp-content\/uploads\/2024\/06\/Abb.-1_HvN-1024x808.jpg\" alt=\"\" class=\"wp-image-581\" style=\"width:259px;height:auto\" srcset=\"https:\/\/helene-ar.net\/wp-content\/uploads\/2024\/06\/Abb.-1_HvN-1024x808.jpg 1024w, https:\/\/helene-ar.net\/wp-content\/uploads\/2024\/06\/Abb.-1_HvN-300x237.jpg 300w, https:\/\/helene-ar.net\/wp-content\/uploads\/2024\/06\/Abb.-1_HvN-768x606.jpg 768w, https:\/\/helene-ar.net\/wp-content\/uploads\/2024\/06\/Abb.-1_HvN-1536x1213.jpg 1536w, https:\/\/helene-ar.net\/wp-content\/uploads\/2024\/06\/Abb.-1_HvN-2048x1617.jpg 2048w\" sizes=\"auto, (max-width: 1024px) 100vw, 1024px\" \/><figcaption class=\"wp-element-caption\"><em>Vor 3600 Jahren vergraben:<br>Die Himmelsscheibe von Nebra.<\/em><\/figcaption><\/figure>\n\n\n\n<p>Ich erz\u00e4hle beides <a href=\"https:\/\/apropos.simplecast.com\/episodes\/die-himmelsscheibe-von-nebra-tKVbU99W\">im Tagi-Podcast<\/a> mit Gastgeber Philipp Loser. <\/p>\n\n\n\n<h4 class=\"wp-block-heading\">Das Kochbuch der Kittin<\/h4>\n\n\n\n<h6 class=\"wp-block-heading\">Im Herbst 2023 erschienen und im April 2024 mit der Goldmedaille des Swiss Gourmet Book Awards ausgezeichnet.<\/h6>\n\n\n\n<figure class=\"wp-block-image size-large is-resized\"><img loading=\"lazy\" decoding=\"async\" width=\"857\" height=\"1024\" src=\"https:\/\/helene-ar.net\/wp-content\/uploads\/2023\/07\/Cover-als-JPG-857x1024.jpg\" alt=\"\" class=\"wp-image-526\" style=\"aspect-ratio:0.8369140625;width:244px;height:auto\" srcset=\"https:\/\/helene-ar.net\/wp-content\/uploads\/2023\/07\/Cover-als-JPG-857x1024.jpg 857w, https:\/\/helene-ar.net\/wp-content\/uploads\/2023\/07\/Cover-als-JPG-251x300.jpg 251w, https:\/\/helene-ar.net\/wp-content\/uploads\/2023\/07\/Cover-als-JPG-768x918.jpg 768w, https:\/\/helene-ar.net\/wp-content\/uploads\/2023\/07\/Cover-als-JPG.jpg 967w\" sizes=\"auto, (max-width: 857px) 100vw, 857px\" \/><\/figure>\n\n\n\n<p>Mitte Oktober ist im Hier-und-Jetzt-Verlag ein sehr spezielles, historisches Kochbuch erschienen, an dem ich mitgearbeitet habe.<\/p>\n\n\n\n<p>Was kam 1699 in wohlhabenden H\u00e4usern auf den Tisch? Die Z\u00fcrcher<br>B\u00fcrgersfrau Anna Margaretha Kitt hielt in ihrem Kochbuch 470 Rezepte<br>handschriflich fest: von \u00abgebachne kalberlebern\u00bb bis zu \u00abmandelkr\u00e4pflin\u00bb. Diesen historischen Schatz erg\u00e4nzen Texte zur damaligen Alltags- und<br>Kochkultur sowie 42 Rezepte zum Nachkochen. Eine Entdeckungsreise<br>durch die \u00fcppige und stellenweise kuriose Kulinarik des Barocks.<\/p>\n\n\n\n<p>Zu beziehen in Buchhandlungen oder <a href=\"https:\/\/www.hierundjetzt.ch\/de\/catalogue\/das-kochbuch-der-kittin-von-1699_23000008\/\">hier<\/a>.<\/p>\n<\/div>\n\n\n\n<div class=\"wp-block-column is-layout-flow wp-block-column-is-layout-flow\">\n<h5 class=\"wp-block-heading\">Seit Mitte 2024 bin ich beim Tagi pensioniert, doch lege ich mich nicht ganz auf die faule Haut<\/h5>\n\n\n\n<p>Ich arbeite als freie Autorin weiter, moderiere an Veranstaltungen und nehme Podcasts auf. Zum Beispiel:<\/p>\n\n\n\n<p><\/p>\n\n\n\n<p><strong>Samstag, 21 M\u00e4rz, Internationaler Tag gegen Rassismus<\/strong><br><strong>Zehntenscheune, Kronenplatz 11, Start 19 Uhr<\/strong><br>Mit <strong>M\u00fcsl\u00fcm, Artan Islamaj<\/strong> (<em>und mir<\/em>)<br>Artan Islamaj, Co-Gesch\u00e4ftsf\u00fchrer des Instituts Neue Schweiz, sagt: &#171;Die Heimat ist nicht dort, wo alle gleich sind, sondern dort, wo niemand \u00fcberlegen ist.&#187; Ein sch\u00f6ner Satz, finde ich. Oder k\u00f6nnen wir tats\u00e4chlich irgendwann soweit kommen? Dar\u00fcber sprechen wir.<br>Im Anschluss wird <strong>M\u00fcsl\u00fcm<\/strong> mit Humor, doch nicht weniger tiefgr\u00fcndig \u00fcber das Thema &#171;Rassismus&#187; sprechen.<br>Eintritt: 35 Fr. \/AHV, IV, Studierende: 25 Fr.<br>Tickets k\u00f6nnen Sie <a href=\"https:\/\/user.ticketpark.ch\/de\/embed\/ticketing\/show\/888F091B-F387-4616-B414-ED5FCFB75E88\/seating_chart\/?bookingData=%7B%22booking%22:%7B%22origin%22:%22www.ticketpark.ch%22%7D%7D&amp;embedId=I215LXRpY2tldC1zaG9w&amp;listLevel=show&amp;showFields%5B0%5D=start&amp;showFields%5B1%5D=name&amp;showFields%5B2%5D=venue&amp;showFields%5B3%5D=button&amp;skipSingleShows=1&amp;hosts%5B0%5D=E8FC3D7A-FC50-41E3-A882-2DC69603D9BB&amp;hosts%5B1%5D=ED23F663-E274-4E82-BB83-6E8FD384781A&amp;entryPoint=https:\/\/user.ticketpark.ch\/de\/embed\/ticketing\/combined&amp;allowUplinkToHost=1&amp;allowUplinkToEvent=0&amp;allowUplinkToCalendar=0&amp;transactionId=699c7e6ab26f7\" data-type=\"link\" data-id=\"https:\/\/user.ticketpark.ch\/de\/embed\/ticketing\/show\/888F091B-F387-4616-B414-ED5FCFB75E88\/seating_chart\/?bookingData=%7B%22booking%22:%7B%22origin%22:%22www.ticketpark.ch%22%7D%7D&amp;embedId=I215LXRpY2tldC1zaG9w&amp;listLevel=show&amp;showFields%5B0%5D=start&amp;showFields%5B1%5D=name&amp;showFields%5B2%5D=venue&amp;showFields%5B3%5D=button&amp;skipSingleShows=1&amp;hosts%5B0%5D=E8FC3D7A-FC50-41E3-A882-2DC69603D9BB&amp;hosts%5B1%5D=ED23F663-E274-4E82-BB83-6E8FD384781A&amp;entryPoint=https:\/\/user.ticketpark.ch\/de\/embed\/ticketing\/combined&amp;allowUplinkToHost=1&amp;allowUplinkToEvent=0&amp;allowUplinkToCalendar=0&amp;transactionId=699c7e6ab26f7\">hier<\/a> bestellen. <\/p>\n\n\n\n<p><strong>Veranstaltung im Bruno Weber Park<\/strong><\/p>\n\n\n\n<figure class=\"wp-block-image size-full\"><img loading=\"lazy\" decoding=\"async\" width=\"275\" height=\"183\" src=\"https:\/\/helene-ar.net\/wp-content\/uploads\/2026\/03\/Unbenannt.jpg\" alt=\"\" class=\"wp-image-652\"\/><\/figure>\n\n\n\n<p><strong>10. April, 19.30 Uhr,<\/strong> das <a href=\"https:\/\/trio-trello.ch\/\">Trio Trello<\/a> spielt im Wassergartensaal des <a href=\"https:\/\/weberpark.ch\/\">Bruno Weber Parks<\/a>. Ich erz\u00e4hle zwischendurch ein paar weniger bekannte Episoden aus Bruno Webers Leben. Anlass: Der K\u00fcnstler w\u00fcrde heute 95 Jahre alt.<br>Der Park ist ab 19 Uhr ge\u00f6ffnet. Die Platzzahl ist beschrenkt: Anmelden unter verein@weberpark.ch oder Tel: 079 535 85 87. Eintritt frei, Kollekte<br>Weitere Informationen: <a href=\"https:\/\/weberpark.ch\/event\/95-geburtstag-von-bruno-weber\/\">hier<\/a>.<br><br><strong>Diverse Podcasts<\/strong><\/p>\n\n\n\n<p>Und weiterhin gibt es verschiedene Podcasts von <strong>Kultur Dietikon<\/strong> zu h\u00f6ren, in denen ich mit Menschen spreche, die etwas mit Dietikon zu tun haben. <br>Im neusten Gespr\u00e4ch erz\u00e4hlt &#171;Miss Kultur in Dietikon&#187; Maya Herzig, wie sich Dietikon zur Kulturstadt mauserte, \u00fcber Big-Band-Festivals und Tiger auf dem Kirchplatz. Wir treffen aber auch auf die Priorin des Klosters Fahr, Irene Gassmann, die Skitrainer-Legende <strong>Karl Frehsner<\/strong> und &#171;the Voice&#187; <strong>Bernarda Brunovic<\/strong>. Diese und viel mehr Geschichten sind <a href=\"https:\/\/kulturdietikon.ch\/podcast-dietikon-vielfalt-kultur-folgen\/\">hier <\/a>zu h\u00f6ren.<\/p>\n\n\n\n<h4 class=\"wp-block-heading\">Hab es aufs Podest geschafft<br><img loading=\"lazy\" decoding=\"async\" width=\"157\" height=\"105\" class=\"wp-image-554\" style=\"width: 157px;\" src=\"https:\/\/helene-ar.net\/wp-content\/uploads\/2024\/03\/NZ97545-scaled.jpg\" alt=\"\" srcset=\"https:\/\/helene-ar.net\/wp-content\/uploads\/2024\/03\/NZ97545-scaled.jpg 2560w, https:\/\/helene-ar.net\/wp-content\/uploads\/2024\/03\/NZ97545-300x200.jpg 300w, https:\/\/helene-ar.net\/wp-content\/uploads\/2024\/03\/NZ97545-1024x683.jpg 1024w, https:\/\/helene-ar.net\/wp-content\/uploads\/2024\/03\/NZ97545-768x512.jpg 768w, https:\/\/helene-ar.net\/wp-content\/uploads\/2024\/03\/NZ97545-1536x1024.jpg 1536w, https:\/\/helene-ar.net\/wp-content\/uploads\/2024\/03\/NZ97545-2048x1366.jpg 2048w, https:\/\/helene-ar.net\/wp-content\/uploads\/2024\/03\/NZ97545-930x620.jpg 930w\" sizes=\"auto, (max-width: 157px) 100vw, 157px\" \/><\/h4>\n\n\n\n<p>Rang 3 in der Sparte Lokaljournalismus des Branchenmagazins <a href=\"https:\/\/shop.oberauer.com\/medien\/schweizer-journalist-in\/664\/schweizer-journalist-in-2023-06\" data-type=\"link\" data-id=\"https:\/\/shop.oberauer.com\/medien\/schweizer-journalist-in\/664\/schweizer-journalist-in-2023-06\">Schweizer Journalist:in<\/a> (4. M\u00e4rz 2024)<\/p>\n\n\n\n<h6 class=\"wp-block-heading\">Und weiterhin:<\/h6>\n\n\n\n<h5 class=\"wp-block-heading\">Mit Gottvertrauen im Gep\u00e4ck<\/h5>\n\n\n\n<p>Mein Buch &#171;Mit Gottvertrauen im Gep\u00e4ck&#187; ist im November 2020 erschienen und im Buchhandel erh\u00e4ltlich. Es erz\u00e4hlt die Geschichte der Baldegger Schwester Gaudentia Meier, die vor f\u00fcnfzig Jahren als Hebamme nach Papua-Neuguinea reiste und dort ihre Lebensaufgabe fand. Sie baute ein Gesundheitssystem auf, er\u00f6ffnete Aids-Zentren und stellte sich mutig gegen die barbarische Verfolgung von Frauen, die der Hexerei beschuldigt wurden. (Wer ein bisschen reinschauen und reinh\u00f6ren m\u00f6chte, kann dies <a rel=\"noreferrer noopener\" href=\"https:\/\/youtu.be\/bQPW977ZLSY\" data-type=\"URL\" data-id=\"https:\/\/youtu.be\/bQPW977ZLSY\" target=\"_blank\">hier <\/a>tun.)<\/p>\n\n\n\n<h5 class=\"wp-block-heading\">Das Limmattal &#8211; Hinschauen statt Durchfahren<\/h5>\n\n\n\n<p>Ein engagierter, frischer Blick auf den Lebensraum von Zehn-<br>tausenden von Menschen, die gerne hier leben und die Vorteile von Stadt- und Naturn\u00e4he sch\u00e4tzen. (Bruno Meier, Helene Arnet, Urs Tremp mit Bildern von Erich Berchtold). Weitere Informationen zum Buch: <a rel=\"noreferrer noopener\" href=\"https:\/\/www.hierundjetzt.ch\/de\/catalogue\/das-limmattal_2200020\/\" data-type=\"URL\" data-id=\"https:\/\/www.hierundjetzt.ch\/de\/catalogue\/das-limmattal_2200020\/\" target=\"_blank\">hier<\/a><\/p>\n\n\n\n<h5 class=\"wp-block-heading\">Und ein Tipp&#8230;<\/h5>\n\n\n\n<h6 class=\"wp-block-heading\">Postkarten<\/h6>\n\n\n\n<p>Meine fotografierende Kollegin Doris Fanconi und ich haben uns Jahre lang auf die Pirsch nach \u00fcberraschenden Seiten der Grossregion Z\u00fcrich. <a href=\"https:\/\/www.tagesanzeiger.ch\/postkarten-aus-dem-kanton-zuerich-222562855659\">Hier <\/a>kannst du das Resultat sehen.<\/p>\n<\/div>\n<\/div>\n<\/div><\/div>\n<\/div>\n<\/div>\n<\/div><\/div>\n\n\n\n<p><br><\/p>\n\n\n\n<p><\/p>\n","protected":false},"excerpt":{"rendered":"<p>Unser Podcast ist f\u00fcr die Suisse Podcast Awards 2026 nominiert.Jetzt abstimmen \ud83d\ude4c Das Publikumsvoting ist er\u00f6ffnet.Die Teilnahme dauert nur wenige Klicks.Folgenden Podcast ausw\u00e4hlen:Dietikon Vielfalt Kultur | 28\u2019000 Geschichten aus Dietikon Jetzt f\u00fcr unseren Podcast abstimmen Demn\u00e4chst&#8230; Die Familie von Orelli Die ersten Orelli kamen 1555 aus Locarno als Glaubensfl\u00fcchtlinge nach Z\u00fcrich. Denn sie bekannten sich&hellip;&nbsp;<a href=\"https:\/\/helene-ar.net\/\" rel=\"bookmark\">Weiterlesen &raquo;<span class=\"screen-reader-text\">Aktuell<\/span><\/a><\/p>\n","protected":false},"author":4,"featured_media":0,"parent":0,"menu_order":0,"comment_status":"closed","ping_status":"closed","template":"","meta":{"neve_meta_sidebar":"full-width","neve_meta_container":"","neve_meta_enable_content_width":"on","neve_meta_content_width":100,"neve_meta_title_alignment":"","neve_meta_author_avatar":"","neve_post_elements_order":"","neve_meta_disable_header":"","neve_meta_disable_footer":"","neve_meta_disable_title":"","footnotes":""},"class_list":["post-76","page","type-page","status-publish","hentry"],"_links":{"self":[{"href":"https:\/\/helene-ar.net\/index.php\/wp-json\/wp\/v2\/pages\/76","targetHints":{"allow":["GET"]}}],"collection":[{"href":"https:\/\/helene-ar.net\/index.php\/wp-json\/wp\/v2\/pages"}],"about":[{"href":"https:\/\/helene-ar.net\/index.php\/wp-json\/wp\/v2\/types\/page"}],"author":[{"embeddable":true,"href":"https:\/\/helene-ar.net\/index.php\/wp-json\/wp\/v2\/users\/4"}],"replies":[{"embeddable":true,"href":"https:\/\/helene-ar.net\/index.php\/wp-json\/wp\/v2\/comments?post=76"}],"version-history":[{"count":103,"href":"https:\/\/helene-ar.net\/index.php\/wp-json\/wp\/v2\/pages\/76\/revisions"}],"predecessor-version":[{"id":653,"href":"https:\/\/helene-ar.net\/index.php\/wp-json\/wp\/v2\/pages\/76\/revisions\/653"}],"wp:attachment":[{"href":"https:\/\/helene-ar.net\/index.php\/wp-json\/wp\/v2\/media?parent=76"}],"curies":[{"name":"wp","href":"https:\/\/api.w.org\/{rel}","templated":true}]}}