{"id":70,"date":"2020-10-06T16:39:32","date_gmt":"2020-10-06T16:39:32","guid":{"rendered":"http:\/\/helene-ar.net\/?page_id=70"},"modified":"2024-10-06T16:31:23","modified_gmt":"2024-10-06T16:31:23","slug":"zur-person","status":"publish","type":"page","link":"https:\/\/helene-ar.net\/index.php\/zur-person\/","title":{"rendered":"Zur Person"},"content":{"rendered":"\n<div class=\"wp-block-media-text alignwide is-stacked-on-mobile\" style=\"grid-template-columns:15% auto\"><figure class=\"wp-block-media-text__media\"><img loading=\"lazy\" decoding=\"async\" width=\"683\" height=\"1024\" src=\"https:\/\/helene-ar.net\/wp-content\/uploads\/2020\/11\/helene_4_1-683x1024.jpg\" alt=\"\" class=\"wp-image-289 size-full\" srcset=\"https:\/\/helene-ar.net\/wp-content\/uploads\/2020\/11\/helene_4_1-683x1024.jpg 683w, https:\/\/helene-ar.net\/wp-content\/uploads\/2020\/11\/helene_4_1-200x300.jpg 200w, https:\/\/helene-ar.net\/wp-content\/uploads\/2020\/11\/helene_4_1-768x1152.jpg 768w, https:\/\/helene-ar.net\/wp-content\/uploads\/2020\/11\/helene_4_1-1024x1536.jpg 1024w, https:\/\/helene-ar.net\/wp-content\/uploads\/2020\/11\/helene_4_1-1366x2048.jpg 1366w, https:\/\/helene-ar.net\/wp-content\/uploads\/2020\/11\/helene_4_1-scaled.jpg 1707w\" sizes=\"auto, (max-width: 683px) 100vw, 683px\" \/><\/figure><div class=\"wp-block-media-text__content\">\n<p><strong>Helene Arnet<br>In Schlieren aufgewachsen (mit drei Geschwistern).<br>In Urdorf die Kantonsschule besucht.<br>In Z\u00fcrich studiert (Geschichte und Deutsch).<br>In Dietikon wohnhaft (mit Mann und Sohn)<\/strong>.<\/p>\n\n\n\n<p><\/p>\n\n\n\n<p>(Bild: Doris Fanconi)<\/p>\n<\/div><\/div>\n\n\n\n<p><\/p>\n\n\n\n<p class=\"has-text-align-left\">Ihre <strong>Kindheit<\/strong> in Schlieren war wohlbeh\u00fctet, sie hat dort die Primarschule besucht, unter anderem bei Werner von Aesch (Cabaret Rotstift, Schlieremer Chind).<br>Die Zeit an der <strong>Kantonsschule Limmattal<\/strong> war auch deshalb speziell, weil die Schule erst gerade er\u00f6ffnet wurde. Sie hatte Gl\u00fcck mit den Lehrerinnen und Lehrern &#8211; wenigstens mit den meisten.<br>Das Studium an der <strong>Universit\u00e4t Z\u00fcrich<\/strong> hat ihr neue Welten er\u00f6ffnet. Sie hat mit einer Dissertation \u00fcber das Kloster Fahr im Mittelalter abgeschlossen.<br>An der Kantonsschule Limmattal hat sie einige Jahre <strong>unterrichtet<\/strong> &#8211; sehr gern sogar.<br>Gleichzeitig hat sie in verschiedenen<strong> Zeitungen<\/strong> als Journalistin gearbeitet. Darunter im Limmattaler Tagblatt und im Tagblatt der Stadt Z\u00fcrich.<br>Von 2001 bis zu ihrer Pensionierung Mitte 2024 arbeitete sie f\u00fcr den <strong>Tages-Anzeiger<\/strong> &#8211; auch das sehr gern. Seither ist sie als <strong>freie Autorin<\/strong> t\u00e4tig.<\/p>\n\n\n\n<p><\/p>\n","protected":false},"excerpt":{"rendered":"<p>Helene ArnetIn Schlieren aufgewachsen (mit drei Geschwistern).In Urdorf die Kantonsschule besucht.In Z\u00fcrich studiert (Geschichte und Deutsch).In Dietikon wohnhaft (mit Mann und Sohn). (Bild: Doris Fanconi) Ihre Kindheit in Schlieren war wohlbeh\u00fctet, sie hat dort die Primarschule besucht, unter anderem bei Werner von Aesch (Cabaret Rotstift, Schlieremer Chind).Die Zeit an der Kantonsschule Limmattal war auch deshalb&hellip;&nbsp;<a href=\"https:\/\/helene-ar.net\/index.php\/zur-person\/\" rel=\"bookmark\">Weiterlesen &raquo;<span class=\"screen-reader-text\">Zur Person<\/span><\/a><\/p>\n","protected":false},"author":4,"featured_media":0,"parent":0,"menu_order":0,"comment_status":"closed","ping_status":"closed","template":"","meta":{"neve_meta_sidebar":"full-width","neve_meta_container":"","neve_meta_enable_content_width":"on","neve_meta_content_width":100,"neve_meta_title_alignment":"","neve_meta_author_avatar":"","neve_post_elements_order":"","neve_meta_disable_header":"","neve_meta_disable_footer":"","neve_meta_disable_title":"","footnotes":""},"class_list":["post-70","page","type-page","status-publish","hentry"],"_links":{"self":[{"href":"https:\/\/helene-ar.net\/index.php\/wp-json\/wp\/v2\/pages\/70","targetHints":{"allow":["GET"]}}],"collection":[{"href":"https:\/\/helene-ar.net\/index.php\/wp-json\/wp\/v2\/pages"}],"about":[{"href":"https:\/\/helene-ar.net\/index.php\/wp-json\/wp\/v2\/types\/page"}],"author":[{"embeddable":true,"href":"https:\/\/helene-ar.net\/index.php\/wp-json\/wp\/v2\/users\/4"}],"replies":[{"embeddable":true,"href":"https:\/\/helene-ar.net\/index.php\/wp-json\/wp\/v2\/comments?post=70"}],"version-history":[{"count":20,"href":"https:\/\/helene-ar.net\/index.php\/wp-json\/wp\/v2\/pages\/70\/revisions"}],"predecessor-version":[{"id":594,"href":"https:\/\/helene-ar.net\/index.php\/wp-json\/wp\/v2\/pages\/70\/revisions\/594"}],"wp:attachment":[{"href":"https:\/\/helene-ar.net\/index.php\/wp-json\/wp\/v2\/media?parent=70"}],"curies":[{"name":"wp","href":"https:\/\/api.w.org\/{rel}","templated":true}]}}