{"id":265,"date":"2020-10-22T08:17:00","date_gmt":"2020-10-22T08:17:00","guid":{"rendered":"https:\/\/helene-ar.net\/?page_id=265"},"modified":"2026-03-10T17:44:58","modified_gmt":"2026-03-10T17:44:58","slug":"oeises-dietike","status":"publish","type":"page","link":"https:\/\/helene-ar.net\/index.php\/oeises-dietike\/","title":{"rendered":"&#171;\u00d6ises Dietike&#187;"},"content":{"rendered":"\n<h2 class=\"wp-block-heading\">Wie es fr\u00fcher war<\/h2>\n\n\n\n<div class=\"wp-block-columns is-layout-flex wp-container-core-columns-is-layout-9d6595d7 wp-block-columns-is-layout-flex\">\n<div class=\"wp-block-column is-layout-flow wp-block-column-is-layout-flow\"><\/div>\n\n\n\n<div class=\"wp-block-column is-layout-flow wp-block-column-is-layout-flow\"><\/div>\n<\/div>\n\n\n\n<div class=\"wp-block-columns is-layout-flex wp-container-core-columns-is-layout-9d6595d7 wp-block-columns-is-layout-flex\">\n<div class=\"wp-block-column is-layout-flow wp-block-column-is-layout-flow\">\n<p>Zweimal pro Jahr unterhalte ich mich im Ortsmuseum Dietikon mit \u00e4lteren Dietikerinnen und Dietikern dar\u00fcber, wie es fr\u00fcher war. Dabei erfahren J\u00fcngere zuweilen Verbl\u00fcffendes \u00fcber ihren Wohnort. Zum Beispiel, dass er im Zweiten Weltkrieg einer Festung glich. Aber auch \u00e4ltere Bewohnerinnen und Bewohner erfahren manchmal Neues. Vor allem aber rufen diese Gespr\u00e4che oft Erinnerungen wach, die zu weiteren Gespr\u00e4chen f\u00fchren. . Veranstalter ist das Ortsmuseum.<br>Seit einiger Zeit werden die Gespr\u00e4che auch als Podcast aufgenommen. Diejenigene mit der 96-j\u00e4hrigen Maria Wiederkehr , mit Renato Ferrari und Elisabeth Hedinger finden sie <a href=\"https:\/\/kulturdietikon.ch\/dietikon-vielfalt-kultur-ich-und-dietike-mit-maria-wiederkehr-seiler-kulturdietikon\/\" target=\"_blank\" rel=\"noreferrer noopener\">hier<\/a>.<br>Das spannende Gespr\u00e4ch mit <strong>Regula Stauber<\/strong>, die muntere Plauderei mit dem Bahnexperten <strong>Edwin Dutler<\/strong>, die spannenden Erinnerungen von <strong>Ursula Zeller<\/strong> oder <strong>Rolf Stapfer<\/strong> sind auf der Homepage des Stadtvereins zu h\u00f6ren &#8211; <a href=\"https:\/\/stadtverein.ch\/ortsmuseum\/videos-und-podcasts\">hier.<\/a> Es lohnt sich auch, hinein zu h\u00f6ren, weil die Veranstaltungen vom <a href=\"https:\/\/trio-trello.ch\/\" data-type=\"URL\" data-id=\"https:\/\/trio-trello.ch\/\" target=\"_blank\" rel=\"noreferrer noopener\">Trio Trello<\/a> musikalisch umrahmt werden.<\/p>\n\n\n\n<p><em>Das Bild zeigt die Familie des in Dietikon wegen seines Temperaments als &#171;Immerbrenner&#187; bekannten Grossvaters von Ursula Zeller, Johann Brenner, mit seiner Familie (um 1920).<\/em><br><\/p>\n<\/div>\n\n\n\n<div class=\"wp-block-column is-layout-flow wp-block-column-is-layout-flow\">\n<figure class=\"wp-block-image size-large is-resized\"><img loading=\"lazy\" decoding=\"async\" width=\"714\" height=\"1024\" src=\"https:\/\/helene-ar.net\/wp-content\/uploads\/2026\/03\/Brenner_ca1915_3-1-714x1024.jpg\" alt=\"\" class=\"wp-image-656\" style=\"aspect-ratio:0.6976604627184847;width:331px;height:auto\" srcset=\"https:\/\/helene-ar.net\/wp-content\/uploads\/2026\/03\/Brenner_ca1915_3-1-714x1024.jpg 714w, https:\/\/helene-ar.net\/wp-content\/uploads\/2026\/03\/Brenner_ca1915_3-1-209x300.jpg 209w, https:\/\/helene-ar.net\/wp-content\/uploads\/2026\/03\/Brenner_ca1915_3-1-768x1101.jpg 768w, https:\/\/helene-ar.net\/wp-content\/uploads\/2026\/03\/Brenner_ca1915_3-1-1072x1536.jpg 1072w, https:\/\/helene-ar.net\/wp-content\/uploads\/2026\/03\/Brenner_ca1915_3-1-1429x2048.jpg 1429w, https:\/\/helene-ar.net\/wp-content\/uploads\/2026\/03\/Brenner_ca1915_3-1-scaled.jpg 1786w\" sizes=\"auto, (max-width: 714px) 100vw, 714px\" \/><\/figure>\n<\/div>\n<\/div>\n\n\n\n<details class=\"wp-block-details is-layout-flow wp-block-details-is-layout-flow\"><summary><\/summary>\n<div class=\"wp-block-columns is-layout-flex wp-container-core-columns-is-layout-9d6595d7 wp-block-columns-is-layout-flex\">\n<div class=\"wp-block-column is-layout-flow wp-block-column-is-layout-flow\" style=\"flex-basis:100%\"><\/div>\n<\/div>\n<\/details>\n\n\n\n<p><\/p>\n","protected":false},"excerpt":{"rendered":"<p>Wie es fr\u00fcher war Zweimal pro Jahr unterhalte ich mich im Ortsmuseum Dietikon mit \u00e4lteren Dietikerinnen und Dietikern dar\u00fcber, wie es fr\u00fcher war. Dabei erfahren J\u00fcngere zuweilen Verbl\u00fcffendes \u00fcber ihren Wohnort. Zum Beispiel, dass er im Zweiten Weltkrieg einer Festung glich. Aber auch \u00e4ltere Bewohnerinnen und Bewohner erfahren manchmal Neues. Vor allem aber rufen diese&hellip;&nbsp;<a href=\"https:\/\/helene-ar.net\/index.php\/oeises-dietike\/\" rel=\"bookmark\">Weiterlesen &raquo;<span class=\"screen-reader-text\">&#171;\u00d6ises Dietike&#187;<\/span><\/a><\/p>\n","protected":false},"author":3,"featured_media":0,"parent":0,"menu_order":0,"comment_status":"closed","ping_status":"closed","template":"","meta":{"neve_meta_sidebar":"full-width","neve_meta_container":"","neve_meta_enable_content_width":"on","neve_meta_content_width":100,"neve_meta_title_alignment":"","neve_meta_author_avatar":"","neve_post_elements_order":"","neve_meta_disable_header":"","neve_meta_disable_footer":"","neve_meta_disable_title":"","footnotes":""},"class_list":["post-265","page","type-page","status-publish","hentry"],"_links":{"self":[{"href":"https:\/\/helene-ar.net\/index.php\/wp-json\/wp\/v2\/pages\/265","targetHints":{"allow":["GET"]}}],"collection":[{"href":"https:\/\/helene-ar.net\/index.php\/wp-json\/wp\/v2\/pages"}],"about":[{"href":"https:\/\/helene-ar.net\/index.php\/wp-json\/wp\/v2\/types\/page"}],"author":[{"embeddable":true,"href":"https:\/\/helene-ar.net\/index.php\/wp-json\/wp\/v2\/users\/3"}],"replies":[{"embeddable":true,"href":"https:\/\/helene-ar.net\/index.php\/wp-json\/wp\/v2\/comments?post=265"}],"version-history":[{"count":9,"href":"https:\/\/helene-ar.net\/index.php\/wp-json\/wp\/v2\/pages\/265\/revisions"}],"predecessor-version":[{"id":661,"href":"https:\/\/helene-ar.net\/index.php\/wp-json\/wp\/v2\/pages\/265\/revisions\/661"}],"wp:attachment":[{"href":"https:\/\/helene-ar.net\/index.php\/wp-json\/wp\/v2\/media?parent=265"}],"curies":[{"name":"wp","href":"https:\/\/api.w.org\/{rel}","templated":true}]}}