{"id":217,"date":"2020-10-11T17:04:54","date_gmt":"2020-10-11T17:04:54","guid":{"rendered":"https:\/\/helene-ar.net\/?page_id=217"},"modified":"2024-02-24T17:28:52","modified_gmt":"2024-02-24T17:28:52","slug":"medien","status":"publish","type":"page","link":"https:\/\/helene-ar.net\/index.php\/medien\/","title":{"rendered":"Medien"},"content":{"rendered":"\n<h5 class=\"wp-block-heading\">Artikel zum Kochbuch der Kittin<\/h5>\n\n\n\n<p>Das spezielle Kochbuch wurde zu unserer Freude rege rezensiert. Sogar die FAZ hat sich damit besch\u00e4ftigt.<br>Hier einige Links:<br>Rezension im <a href=\"https:\/\/www.tagesanzeiger.ch\/zuercher-barock-kochbuch-sie-liebte-pasteten-und-gebratene-lerchen-133039329748\">Tagi<\/a> (nicht von mir!)<br>In der <a href=\"https:\/\/www.nzz.ch\/zuerich\/was-ein-kochbuch-ueber-das-leben-in-zuerich-zur-barockzeit-erzaehlt-ld.1761141\">NZZ<\/a><\/p>\n\n\n\n<h5 class=\"wp-block-heading\">Artikel zum Buch: Limmattal &#8211; Hinschauen statt Durchfahren<\/h5>\n\n\n\n<p>Bericht \u00fcber die Vernissage des Limmattalbuchs im Dietiker Gleis 21<br><a href=\"https:\/\/www.limmattalerzeitung.ch\/limmattal\/region-limmattal\/dietikon-vernissage-von-neuem-limmattal-buch-nur-das-shoppingcenter-verband-die-autoren-ueber-die-kantonsgrenze-hinaus-ld.2363774\" data-type=\"URL\" data-id=\"https:\/\/www.limmattalerzeitung.ch\/limmattal\/region-limmattal\/dietikon-vernissage-von-neuem-limmattal-buch-nur-das-shoppingcenter-verband-die-autoren-ueber-die-kantonsgrenze-hinaus-ld.2363774\">Und hier geht es zum Online-Text<\/a><\/p>\n\n\n\n<div class=\"wp-block-group alignfull\"><div class=\"wp-block-group__inner-container is-layout-flow wp-block-group-is-layout-flow\">\n<div data-wp-interactive=\"core\/file\" class=\"wp-block-file alignfull\"><object data-wp-bind--hidden=\"!state.hasPdfPreview\" hidden class=\"wp-block-file__embed\" data=\"https:\/\/helene-ar.net\/wp-content\/uploads\/2022\/10\/Liz27102022.pdf\" type=\"application\/pdf\" style=\"width:100%;height:300px\" aria-label=\"Einbettung von Liz27102022.\"><\/object><a id=\"wp-block-file--media-19a4fd02-1752-465f-ad90-963aebd263ab\" href=\"https:\/\/helene-ar.net\/wp-content\/uploads\/2022\/10\/Liz27102022.pdf\">Liz27102022<\/a><a href=\"https:\/\/helene-ar.net\/wp-content\/uploads\/2022\/10\/Liz27102022.pdf\" class=\"wp-block-file__button wp-element-button\" download aria-describedby=\"wp-block-file--media-19a4fd02-1752-465f-ad90-963aebd263ab\">Herunterladen<\/a><\/div>\n<\/div><\/div>\n\n\n\n<p><\/p>\n\n\n\n<p><\/p>\n\n\n\n<p>Rezension des Limmattal-Buches in der Aargauer Zeitung und der Limmattaler Zeitung vom 24. Oktober 2022<\/p>\n\n\n\n<div data-wp-interactive=\"core\/file\" class=\"wp-block-file\"><object data-wp-bind--hidden=\"!state.hasPdfPreview\" hidden class=\"wp-block-file__embed\" data=\"https:\/\/helene-ar.net\/wp-content\/uploads\/2022\/10\/Liz_1-1.pdf\" type=\"application\/pdf\" style=\"width:100%;height:400px\" aria-label=\"Einbettung von Liz_1.\"><\/object><a id=\"wp-block-file--media-a0b3dbfa-b25a-45b3-bb59-404ad662b4cc\" href=\"https:\/\/helene-ar.net\/wp-content\/uploads\/2022\/10\/Liz_1-1.pdf\">Liz_1<\/a><a href=\"https:\/\/helene-ar.net\/wp-content\/uploads\/2022\/10\/Liz_1-1.pdf\" class=\"wp-block-file__button wp-element-button\" download aria-describedby=\"wp-block-file--media-a0b3dbfa-b25a-45b3-bb59-404ad662b4cc\">Herunterladen<\/a><\/div>\n\n\n\n<h6 class=\"wp-block-heading\">Rezension des Gaudentia-Buches in der Argovia der Historischen Gesellschaft Aargau<\/h6>\n\n\n\n<div data-wp-interactive=\"core\/file\" class=\"wp-block-file\"><object data-wp-bind--hidden=\"!state.hasPdfPreview\" hidden class=\"wp-block-file__embed\" data=\"https:\/\/helene-ar.net\/wp-content\/uploads\/2022\/03\/Argovia_2021-1.pdf\" type=\"application\/pdf\" style=\"width:100%;height:200px\" aria-label=\"Einbettung von Argovia_2021.\"><\/object><a id=\"wp-block-file--media-8150022d-efc4-4171-b495-ad6b27e8c3ea\" href=\"https:\/\/helene-ar.net\/wp-content\/uploads\/2022\/03\/Argovia_2021-1.pdf\">Argovia_2021<\/a><a href=\"https:\/\/helene-ar.net\/wp-content\/uploads\/2022\/03\/Argovia_2021-1.pdf\" class=\"wp-block-file__button wp-element-button\" download aria-describedby=\"wp-block-file--media-8150022d-efc4-4171-b495-ad6b27e8c3ea\">Herunterladen<\/a><\/div>\n\n\n\n<h5 class=\"wp-block-heading\">Kolumne im Magazin 36 km<\/h5>\n\n\n\n<p>Wir sollten \u00fcber das Ausl\u00e4nderstimmrecht diskutieren:<\/p>\n\n\n\n<p><a href=\"https:\/\/helene-ar.net\/wp-content\/uploads\/2021\/05\/Kolumne_36-km_Ausgabe-11_Seite30.pdf\" target=\"_blank\" rel=\"noreferrer noopener\">https:\/\/helene-ar.net\/wp-content\/uploads\/2021\/05\/Kolumne_36-km_Ausgabe-11_Seite30.pdf<\/a><\/p>\n\n\n\n<h5 class=\"wp-block-heading\">\u00dcber das Buch &#171;Mit Gottvertrauen im Gep\u00e4ck&#187;<\/h5>\n\n\n\n<div class=\"wp-block-media-text alignwide is-stacked-on-mobile\"><figure class=\"wp-block-media-text__media\"><img loading=\"lazy\" decoding=\"async\" width=\"945\" height=\"694\" src=\"https:\/\/helene-ar.net\/wp-content\/uploads\/2021\/01\/Luzerner-Zeitung_06_01_2021.jpg\" alt=\"\" class=\"wp-image-363 size-full\" srcset=\"https:\/\/helene-ar.net\/wp-content\/uploads\/2021\/01\/Luzerner-Zeitung_06_01_2021.jpg 945w, https:\/\/helene-ar.net\/wp-content\/uploads\/2021\/01\/Luzerner-Zeitung_06_01_2021-300x220.jpg 300w, https:\/\/helene-ar.net\/wp-content\/uploads\/2021\/01\/Luzerner-Zeitung_06_01_2021-768x564.jpg 768w\" sizes=\"auto, (max-width: 945px) 100vw, 945px\" \/><\/figure><div class=\"wp-block-media-text__content\">\n<h5 class=\"wp-block-heading\"><a href=\"https:\/\/helene-ar.net\/wp-content\/uploads\/2021\/01\/GaudentiaLuzernerZeitung.pdf\" data-type=\"URL\" data-id=\"https:\/\/helene-ar.net\/wp-content\/uploads\/2021\/01\/GaudentiaLuzernerZeitung.pdf\">Bericht in der Luzerner Zeitung<\/a><br>erschienen auch in mehreren Zeitungen der Innerschweiz<\/h5>\n\n\n\n<p>Autor: Rolf Tanner<br>Ausgabe vom 6. Januar 2021<\/p>\n<\/div><\/div>\n\n\n\n<p><\/p>\n\n\n\n<div class=\"wp-block-media-text alignwide is-stacked-on-mobile\"><figure class=\"wp-block-media-text__media\"><img loading=\"lazy\" decoding=\"async\" width=\"1024\" height=\"630\" src=\"https:\/\/helene-ar.net\/wp-content\/uploads\/2020\/12\/Seetaler-1024x630.jpg\" alt=\"\" class=\"wp-image-342 size-full\" srcset=\"https:\/\/helene-ar.net\/wp-content\/uploads\/2020\/12\/Seetaler-1024x630.jpg 1024w, https:\/\/helene-ar.net\/wp-content\/uploads\/2020\/12\/Seetaler-300x185.jpg 300w, https:\/\/helene-ar.net\/wp-content\/uploads\/2020\/12\/Seetaler-768x473.jpg 768w, https:\/\/helene-ar.net\/wp-content\/uploads\/2020\/12\/Seetaler-1536x946.jpg 1536w, https:\/\/helene-ar.net\/wp-content\/uploads\/2020\/12\/Seetaler.jpg 1743w\" sizes=\"auto, (max-width: 1024px) 100vw, 1024px\" \/><\/figure><div class=\"wp-block-media-text__content\">\n<h6 class=\"wp-block-heading\"><a href=\"https:\/\/helene-ar.net\/wp-content\/uploads\/2020\/12\/Seetaler.pdf\" data-type=\"URL\" data-id=\"https:\/\/helene-ar.net\/wp-content\/uploads\/2020\/12\/Seetaler.pdf\">Bericht im Seetalerbote<\/a><\/h6>\n\n\n\n<p>Autor: Jonas Baud<br>Ausgabe vom 10. Dezember 2020 <\/p>\n<\/div><\/div>\n\n\n\n<p><\/p>\n\n\n\n<div class=\"wp-block-group alignwide\"><div class=\"wp-block-group__inner-container is-layout-flow wp-block-group-is-layout-flow\">\n<div class=\"wp-block-media-text alignwide is-stacked-on-mobile\"><figure class=\"wp-block-media-text__media\"><img loading=\"lazy\" decoding=\"async\" width=\"1024\" height=\"626\" src=\"https:\/\/helene-ar.net\/wp-content\/uploads\/2020\/12\/LiZ-1024x626.jpg\" alt=\"\" class=\"wp-image-332 size-full\" srcset=\"https:\/\/helene-ar.net\/wp-content\/uploads\/2020\/12\/LiZ-1024x626.jpg 1024w, https:\/\/helene-ar.net\/wp-content\/uploads\/2020\/12\/LiZ-300x183.jpg 300w, https:\/\/helene-ar.net\/wp-content\/uploads\/2020\/12\/LiZ-768x469.jpg 768w, https:\/\/helene-ar.net\/wp-content\/uploads\/2020\/12\/LiZ-1536x938.jpg 1536w, https:\/\/helene-ar.net\/wp-content\/uploads\/2020\/12\/LiZ.jpg 1799w\" sizes=\"auto, (max-width: 1024px) 100vw, 1024px\" \/><\/figure><div class=\"wp-block-media-text__content\">\n<h6 class=\"wp-block-heading\"><a href=\"https:\/\/helene-ar.net\/wp-content\/uploads\/2020\/12\/Seite_13_Limmattaler_Zeitung_2020-12-07.pdf\">Bericht \u00fcber die Lesung in Dietikon in der Limmattaler Zeitung<\/a><\/h6>\n\n\n\n<p>Autor: Fabio M\u00fcller<br>Ausgabe vom 7. Dezember 2020<\/p>\n<\/div><\/div>\n\n\n\n<p><\/p>\n\n\n\n<div class=\"wp-block-media-text alignwide is-stacked-on-mobile\"><figure class=\"wp-block-media-text__media\"><img loading=\"lazy\" decoding=\"async\" width=\"1024\" height=\"669\" src=\"https:\/\/helene-ar.net\/wp-content\/uploads\/2020\/12\/Gaudentia_AZ_FreiamtJPG-1024x669.jpg\" alt=\"\" class=\"wp-image-323 size-full\" srcset=\"https:\/\/helene-ar.net\/wp-content\/uploads\/2020\/12\/Gaudentia_AZ_FreiamtJPG-1024x669.jpg 1024w, https:\/\/helene-ar.net\/wp-content\/uploads\/2020\/12\/Gaudentia_AZ_FreiamtJPG-300x196.jpg 300w, https:\/\/helene-ar.net\/wp-content\/uploads\/2020\/12\/Gaudentia_AZ_FreiamtJPG-768x502.jpg 768w, https:\/\/helene-ar.net\/wp-content\/uploads\/2020\/12\/Gaudentia_AZ_FreiamtJPG.jpg 1330w\" sizes=\"auto, (max-width: 1024px) 100vw, 1024px\" \/><\/figure><div class=\"wp-block-media-text__content\">\n<h6 class=\"wp-block-heading\"><a rel=\"noreferrer noopener\" href=\"https:\/\/helene-ar.net\/wp-content\/uploads\/2020\/12\/Gaudentia_AZ_Freiamt.pdf\" target=\"_blank\">Doppelseite in der Aargauer-Zeitung (Freiamt)<\/a> und der Limmattaler Zeitung<\/h6>\n\n\n\n<p>Autor: Toni Widmer<br>Ausgabe vom 2. und 5. Dezember 2020<\/p>\n<\/div><\/div>\n\n\n\n<p><\/p>\n<\/div><\/div>\n\n\n\n<div class=\"wp-block-group\"><div class=\"wp-block-group__inner-container is-layout-flow wp-block-group-is-layout-flow\">\n<div class=\"wp-block-media-text alignwide is-stacked-on-mobile\"><figure class=\"wp-block-media-text__media\"><img loading=\"lazy\" decoding=\"async\" width=\"1024\" height=\"614\" src=\"https:\/\/helene-ar.net\/wp-content\/uploads\/2020\/11\/Tagi_Gaudentia-1024x614.jpg\" alt=\"\" class=\"wp-image-302 size-full\" srcset=\"https:\/\/helene-ar.net\/wp-content\/uploads\/2020\/11\/Tagi_Gaudentia-1024x614.jpg 1024w, https:\/\/helene-ar.net\/wp-content\/uploads\/2020\/11\/Tagi_Gaudentia-300x180.jpg 300w, https:\/\/helene-ar.net\/wp-content\/uploads\/2020\/11\/Tagi_Gaudentia-768x461.jpg 768w, https:\/\/helene-ar.net\/wp-content\/uploads\/2020\/11\/Tagi_Gaudentia-1536x921.jpg 1536w, https:\/\/helene-ar.net\/wp-content\/uploads\/2020\/11\/Tagi_Gaudentia.jpg 1852w\" sizes=\"auto, (max-width: 1024px) 100vw, 1024px\" \/><\/figure><div class=\"wp-block-media-text__content\">\n<h6 class=\"wp-block-heading\"><a rel=\"noreferrer noopener\" href=\"https:\/\/helene-ar.net\/wp-content\/uploads\/2020\/11\/Gaudentia_Tagi.pdf\" data-type=\"URL\" data-id=\"https:\/\/helene-ar.net\/wp-content\/uploads\/2020\/11\/Gaudentia_Tagi.pdf\" target=\"_blank\">Wochenend-Bund im Tagi und anderen Medien<\/a> (Bund ect.)<\/h6>\n\n\n\n<p><strong>Mit Vorsicht <\/strong>zu geniessen, da er von mir selbst verfasst ist.<\/p>\n<\/div><\/div>\n\n\n\n<p><\/p>\n\n\n\n<div class=\"wp-block-media-text alignwide is-stacked-on-mobile\"><figure class=\"wp-block-media-text__media\"><a href=\"https:\/\/helene-ar.net\/wp-content\/uploads\/2020\/11\/Freiamt.jpg\"><img loading=\"lazy\" decoding=\"async\" width=\"1024\" height=\"720\" src=\"https:\/\/helene-ar.net\/wp-content\/uploads\/2020\/11\/Freiamt-1024x720.jpg\" alt=\"\" class=\"wp-image-307 size-full\" srcset=\"https:\/\/helene-ar.net\/wp-content\/uploads\/2020\/11\/Freiamt-1024x720.jpg 1024w, https:\/\/helene-ar.net\/wp-content\/uploads\/2020\/11\/Freiamt-300x211.jpg 300w, https:\/\/helene-ar.net\/wp-content\/uploads\/2020\/11\/Freiamt-768x540.jpg 768w, https:\/\/helene-ar.net\/wp-content\/uploads\/2020\/11\/Freiamt.jpg 1536w\" sizes=\"auto, (max-width: 1024px) 100vw, 1024px\" \/><\/a><\/figure><div class=\"wp-block-media-text__content\">\n<h5 class=\"wp-block-heading\"><a href=\"https:\/\/helene-ar.net\/wp-content\/uploads\/2020\/11\/Bericht_Freiamt.pdf\">Frei\u00e4mter und Wohler Anzeiger<\/a><\/h5>\n\n\n\n<p>Autorin: Annemarie Keusch<br>Ausgabe vom 13. November 2020<\/p>\n<\/div><\/div>\n\n\n\n<p><\/p>\n\n\n\n<h5 class=\"wp-block-heading\">Sonderdruck zur Insel Ufnau<\/h5>\n\n\n\n<p>Eine 12-teilige Serie \u00fcber die Insel Ufenau erschien im Tages-Anzeiger und wurde vom Verein &#171;Freunde der Insel Ufnau&#187; als Sonderdruck herausgegeben. Den finden Sie <a href=\"https:\/\/helene-ar.net\/wp-content\/uploads\/2020\/10\/201703-Ab-auf-die-Insel-von-Helene-Arnet-12-TA-Beitraege.pdf\" data-type=\"URL\" data-id=\"https:\/\/helene-ar.net\/wp-content\/uploads\/2020\/10\/201703-Ab-auf-die-Insel-von-Helene-Arnet-12-TA-Beitraege.pdf\">hier<\/a>.<\/p>\n\n\n\n<p><\/p>\n\n\n\n<h5 class=\"wp-block-heading\">\u00d6ises Dietike<\/h5>\n\n\n\n<p>Die Limmattaler Zeitung berichtet regelm\u00e4ssig \u00fcber &#171;\u00d6ises Dietike&#187;, bei dem ich mit \u00e4lteren Menschen dar\u00fcber spreche, wie es fr\u00fcher war. (Weitere solche Gespr\u00e4che in Form von Podcasts finden Sie unter der Rubrik &#171;<a rel=\"noreferrer noopener\" href=\"https:\/\/helene-ar.net\/index.php\/podcasts\/\" data-type=\"URL\" data-id=\"https:\/\/helene-ar.net\/index.php\/podcasts\/\" target=\"_blank\">Podcast<\/a>&#171;)<\/p>\n\n\n\n<p>Zum Beispiel mit <strong><a href=\"https:\/\/www.limmattalerzeitung.ch\/limmattal\/90-jahre-leben-in-dietikon-oeises-dietike-mit-willy-faes-133643295\" data-type=\"URL\" data-id=\"https:\/\/www.limmattalerzeitung.ch\/limmattal\/90-jahre-leben-in-dietikon-oeises-dietike-mit-willy-faes-133643295\">Willy Faes<\/a><\/strong>.<\/p>\n<\/div><\/div>\n\n\n\n<p>Oder mit <a href=\"https:\/\/www.limmattalerzeitung.ch\/limmattal\/region-limmattal\/wenn-andere-jammern-hoere-ich-einfach-nichts-die-1924-geborene-dietikerin-gewaehrt-einblicke-in-ihr-leben-132672984\" data-type=\"URL\" data-id=\"https:\/\/www.limmattalerzeitung.ch\/limmattal\/region-limmattal\/wenn-andere-jammern-hoere-ich-einfach-nichts-die-1924-geborene-dietikerin-gewaehrt-einblicke-in-ihr-leben-132672984\"><strong>Hedy Kegele<\/strong>&#8211;<strong>Wiederkehr<\/strong><\/a>.<\/p>\n\n\n\n<p>Dann auch mit <strong><a href=\"https:\/\/www.limmattalerzeitung.ch\/limmattal\/region-limmattal\/sie-sass-neben-bruno-weber-in-der-schule-dietikerin-blickt-auf-bewegtes-leben-zurueck-131809635\" data-type=\"URL\" data-id=\"https:\/\/www.limmattalerzeitung.ch\/limmattal\/region-limmattal\/sie-sass-neben-bruno-weber-in-der-schule-dietikerin-blickt-auf-bewegtes-leben-zurueck-131809635\" target=\"_blank\" rel=\"noreferrer noopener\">Nelly Blocher<\/a><\/strong><\/p>\n\n\n\n<p>Und mit <strong><a rel=\"noreferrer noopener\" href=\"https:\/\/www.limmattalerzeitung.ch\/limmattal\/region-limmattal\/oeises-dietike-oskar-meile-nahm-viel-publikum-mit-auf-eine-reise-durch-sein-leben-135845836\" data-type=\"URL\" data-id=\"https:\/\/www.limmattalerzeitung.ch\/limmattal\/region-limmattal\/oeises-dietike-oskar-meile-nahm-viel-publikum-mit-auf-eine-reise-durch-sein-leben-135845836\" target=\"_blank\">Oskar Meile<\/a><\/strong><\/p>\n\n\n\n<p>Das Gespr\u00e4ch mit <strong><a rel=\"noreferrer noopener\" href=\"https:\/\/www.limmattalerzeitung.ch\/limmattal\/region-limmattal\/waehrend-ihrer-schulzeit-wurden-noch-48-schueler-in-einem-zimmer-unterrichtet-129148801\" data-type=\"URL\" data-id=\"https:\/\/www.limmattalerzeitung.ch\/limmattal\/region-limmattal\/waehrend-ihrer-schulzeit-wurden-noch-48-schueler-in-einem-zimmer-unterrichtet-129148801\" target=\"_blank\">Margrit Handschin<\/a><\/strong><\/p>\n","protected":false},"excerpt":{"rendered":"<p>Artikel zum Kochbuch der Kittin Das spezielle Kochbuch wurde zu unserer Freude rege rezensiert. Sogar die FAZ hat sich damit besch\u00e4ftigt.Hier einige Links:Rezension im Tagi (nicht von mir!)In der NZZ Artikel zum Buch: Limmattal &#8211; Hinschauen statt Durchfahren Bericht \u00fcber die Vernissage des Limmattalbuchs im Dietiker Gleis 21Und hier geht es zum Online-Text Rezension des&hellip;&nbsp;<a href=\"https:\/\/helene-ar.net\/index.php\/medien\/\" rel=\"bookmark\">Weiterlesen &raquo;<span class=\"screen-reader-text\">Medien<\/span><\/a><\/p>\n","protected":false},"author":3,"featured_media":0,"parent":0,"menu_order":0,"comment_status":"closed","ping_status":"closed","template":"","meta":{"neve_meta_sidebar":"full-width","neve_meta_container":"","neve_meta_enable_content_width":"on","neve_meta_content_width":100,"neve_meta_title_alignment":"","neve_meta_author_avatar":"","neve_post_elements_order":"","neve_meta_disable_header":"","neve_meta_disable_footer":"","neve_meta_disable_title":"","footnotes":""},"class_list":["post-217","page","type-page","status-publish","hentry"],"_links":{"self":[{"href":"https:\/\/helene-ar.net\/index.php\/wp-json\/wp\/v2\/pages\/217","targetHints":{"allow":["GET"]}}],"collection":[{"href":"https:\/\/helene-ar.net\/index.php\/wp-json\/wp\/v2\/pages"}],"about":[{"href":"https:\/\/helene-ar.net\/index.php\/wp-json\/wp\/v2\/types\/page"}],"author":[{"embeddable":true,"href":"https:\/\/helene-ar.net\/index.php\/wp-json\/wp\/v2\/users\/3"}],"replies":[{"embeddable":true,"href":"https:\/\/helene-ar.net\/index.php\/wp-json\/wp\/v2\/comments?post=217"}],"version-history":[{"count":54,"href":"https:\/\/helene-ar.net\/index.php\/wp-json\/wp\/v2\/pages\/217\/revisions"}],"predecessor-version":[{"id":549,"href":"https:\/\/helene-ar.net\/index.php\/wp-json\/wp\/v2\/pages\/217\/revisions\/549"}],"wp:attachment":[{"href":"https:\/\/helene-ar.net\/index.php\/wp-json\/wp\/v2\/media?parent=217"}],"curies":[{"name":"wp","href":"https:\/\/api.w.org\/{rel}","templated":true}]}}