{"id":127,"date":"2020-10-07T16:52:46","date_gmt":"2020-10-07T16:52:46","guid":{"rendered":"http:\/\/helene-ar.net\/?page_id=127"},"modified":"2020-10-07T16:52:46","modified_gmt":"2020-10-07T16:52:46","slug":"datenschutz","status":"publish","type":"page","link":"https:\/\/helene-ar.net\/index.php\/datenschutz\/","title":{"rendered":"Datenschutz"},"content":{"rendered":"\n<h3 class=\"wp-block-heading\"><strong>Wer sind wir?<\/strong><\/h3>\n\n\n\n<p>Diese Webseite und deren Inhalt\nwird durch eine private Person ohne kommerzielle Interessen zur Verf\u00fcgung\ngestellt.<\/p>\n\n\n\n<p>Verantwortliche Stelle im Sinne\nder Datenschutzgesetze, insbesondere der EU-Datenschutzgrundverordnung (DSGVO),\nlautet:<\/p>\n\n\n\n<p>Helene Arnet<br>Sch\u00fctzenstrasse 27<br>8953 Dietikon<\/p>\n\n\n\n<p>E-Mail: helene.arnet@tages-anzeiger.ch<\/p>\n\n\n\n<p>Webseite: www.helene-ar.net<\/p>\n\n\n\n<h3 class=\"wp-block-heading\"><strong>Welche personenbezogenen Daten\nwir sammeln und warum wir sie sammeln<\/strong><\/h3>\n\n\n\n<p>Wenn Sie auf diese Webseite\nzugreifen werden automatisch Informationen allgemeiner Natur erfasst. Diese\nInformationen werden im Server-Logfile erfasst und beinhalten die Art des\nWebbrowsers, das verwendete Betriebssystem, den Domainnamen Ihres Internet-Service-Providers,\nIhre IP-Adresse und \u00e4hnliches.<\/p>\n\n\n\n<p>Dies aus folgendem Grund:<\/p>\n\n\n\n<ul class=\"wp-block-list\"><li>Sicherstellung\neines problemlosen Verbindungsaufbaus der Website<\/li><li>Sicherstellung\neiner reibungslosen Nutzung unserer Website<\/li><li>Auswertung\nder Systemsicherheit und -stabilit\u00e4t sowie<\/li><li>zu weiteren\nadministrativen Zwecken<\/li><\/ul>\n\n\n\n<p>Ihre Daten werden nicht\nverwendet, um R\u00fcckschl\u00fcsse auf Ihre Person zu ziehen. Informationen dieser Art\nwerden lediglich statistisch ausgewertet, um unseren Internetauftritt und die\ndahinterstehende Technik zu optimieren.<\/p>\n\n\n\n<h3 class=\"wp-block-heading\"><strong>Speicherdauer<\/strong><\/h3>\n\n\n\n<p>Die Daten werden gel\u00f6scht, sobald\ndiese f\u00fcr den Zweck der Erhebung nicht mehr erforderlich sind. Dies ist f\u00fcr die\nDaten, die der Bereitstellung der Webseite dienen, grunds\u00e4tzlich der Fall, wenn\ndie jeweilige Sitzung beendet ist.<\/p>\n\n\n\n<h3 class=\"wp-block-heading\"><strong>Cookies<\/strong><\/h3>\n\n\n\n<p>Diese Website verwendet Cookies. Cookies sind kleine Textdateien, die beim Besuch dieser Website in Ihrem Computer dauerhaft oder tempor\u00e4r gespeichert werden. Zweck der Cookies ist insbesondere die Analyse der Nutzung dieser Website zur statistischen Auswertung sowie f\u00fcr kontinuierliche Verbesserungen.<\/p>\n\n\n\n<p>In Ihrem Browser k\u00f6nnen Sie Cookies in den Einstellungen jederzeit ganz oder teilweise deaktivieren.<\/p>\n\n\n\n<h3 class=\"wp-block-heading\"><strong>Kontakt-Informationen<\/strong><\/h3>\n\n\n\n<p>F\u00fcr datenschutzrelevante Anliegen\nwenden Sie sich bitte an:<\/p>\n\n\n\n<p>Helene Arnet<br>Sch\u00fctzenstrasse 27<br>8953 Dietikon<\/p>\n\n\n\n<p>E-Mail: helene.arnet@tages-anzeiger.ch<\/p>\n\n\n\n<h3 class=\"wp-block-heading\"><strong>Wie wir Ihre Daten sch\u00fctzen<\/strong><\/h3>\n\n\n\n<h4 class=\"wp-block-heading\"><strong>SSL-Verschl\u00fcsselung<\/strong><\/h4>\n\n\n\n<p>Um die Sicherheit Ihrer Daten bei\nder \u00dcbertragung zu sch\u00fctzen, verwenden wir dem aktuellen Stand der Technik\nentsprechende Verschl\u00fcsselungsverfahren (z. B. SSL) \u00fcber HTTPS.<\/p>\n\n\n\n<h3 class=\"wp-block-heading\"><strong>\u00c4nderungen<\/strong><\/h3>\n\n\n\n<p>Wir k\u00f6nnen diese\nDatenschutzerkl\u00e4rung jederzeit ohne Vorank\u00fcndigung anpassen. Es gilt die\njeweils aktuelle, auf unserer Website publizierte Fassung.<\/p>\n\n\n\n<h3 class=\"wp-block-heading\"><strong>Fragen an den\nDatenschutzbeauftragten<\/strong><\/h3>\n\n\n\n<p>Wenn Sie Fragen zum Datenschutz haben, schreiben Sie uns bitte eine E-Mail oder wenden Sie sich direkt an die f\u00fcr den Datenschutz zu Beginn der Datenschutzerkl\u00e4rung aufgef\u00fchrten, verantwortlichen Person.<\/p>\n\n\n\n<p>Dietikon, 7. Oktober 2020<\/p>\n","protected":false},"excerpt":{"rendered":"<p>Wer sind wir? Diese Webseite und deren Inhalt wird durch eine private Person ohne kommerzielle Interessen zur Verf\u00fcgung gestellt. Verantwortliche Stelle im Sinne der Datenschutzgesetze, insbesondere der EU-Datenschutzgrundverordnung (DSGVO), lautet: Helene ArnetSch\u00fctzenstrasse 278953 Dietikon E-Mail: helene.arnet@tages-anzeiger.ch Webseite: www.helene-ar.net Welche personenbezogenen Daten wir sammeln und warum wir sie sammeln Wenn Sie auf diese Webseite zugreifen werden&hellip;&nbsp;<a href=\"https:\/\/helene-ar.net\/index.php\/datenschutz\/\" rel=\"bookmark\">Weiterlesen &raquo;<span class=\"screen-reader-text\">Datenschutz<\/span><\/a><\/p>\n","protected":false},"author":4,"featured_media":0,"parent":0,"menu_order":0,"comment_status":"closed","ping_status":"closed","template":"","meta":{"neve_meta_sidebar":"full-width","neve_meta_container":"","neve_meta_enable_content_width":"on","neve_meta_content_width":100,"neve_meta_title_alignment":"","neve_meta_author_avatar":"","neve_post_elements_order":"","neve_meta_disable_header":"","neve_meta_disable_footer":"","neve_meta_disable_title":"","footnotes":""},"class_list":["post-127","page","type-page","status-publish","hentry"],"_links":{"self":[{"href":"https:\/\/helene-ar.net\/index.php\/wp-json\/wp\/v2\/pages\/127","targetHints":{"allow":["GET"]}}],"collection":[{"href":"https:\/\/helene-ar.net\/index.php\/wp-json\/wp\/v2\/pages"}],"about":[{"href":"https:\/\/helene-ar.net\/index.php\/wp-json\/wp\/v2\/types\/page"}],"author":[{"embeddable":true,"href":"https:\/\/helene-ar.net\/index.php\/wp-json\/wp\/v2\/users\/4"}],"replies":[{"embeddable":true,"href":"https:\/\/helene-ar.net\/index.php\/wp-json\/wp\/v2\/comments?post=127"}],"version-history":[{"count":1,"href":"https:\/\/helene-ar.net\/index.php\/wp-json\/wp\/v2\/pages\/127\/revisions"}],"predecessor-version":[{"id":128,"href":"https:\/\/helene-ar.net\/index.php\/wp-json\/wp\/v2\/pages\/127\/revisions\/128"}],"wp:attachment":[{"href":"https:\/\/helene-ar.net\/index.php\/wp-json\/wp\/v2\/media?parent=127"}],"curies":[{"name":"wp","href":"https:\/\/api.w.org\/{rel}","templated":true}]}}